{"id":97,"date":"2023-04-04T19:21:03","date_gmt":"2023-04-04T19:21:03","guid":{"rendered":"https:\/\/smeshipping.com\/?page_id=97"},"modified":"2025-05-11T00:27:13","modified_gmt":"2025-05-11T07:27:13","slug":"payment-guide","status":"publish","type":"page","link":"https:\/\/smeshipping.com\/en\/payment-guide\/","title":{"rendered":"payment-guide"},"content":{"rendered":"<div data-elementor-type=\"wp-page\" data-elementor-id=\"97\" class=\"elementor elementor-97\" data-elementor-post-type=\"page\">\n\t\t\t\t\t\t<section class=\"elementor-section elementor-top-section elementor-element elementor-element-9d41ea2 elementor-section-height-min-height elementor-section-boxed elementor-section-height-default elementor-section-items-middle\" data-id=\"9d41ea2\" data-element_type=\"section\" data-e-type=\"section\" data-settings=\"{&quot;background_background&quot;:&quot;classic&quot;}\">\n\t\t\t\t\t\t\t<div class=\"elementor-background-overlay\"><\/div>\n\t\t\t\t\t\t\t<div class=\"elementor-container elementor-column-gap-default\">\n\t\t\t\t\t<div class=\"elementor-column elementor-col-100 elementor-top-column elementor-element elementor-element-3effe9e\" data-id=\"3effe9e\" data-element_type=\"column\" data-e-type=\"column\">\n\t\t\t<div class=\"elementor-widget-wrap elementor-element-populated\">\n\t\t\t\t\t\t<div class=\"elementor-element elementor-element-400c777 elementor-widget elementor-widget-heading\" data-id=\"400c777\" data-element_type=\"widget\" data-e-type=\"widget\" data-widget_type=\"heading.default\">\n\t\t\t\t<div class=\"elementor-widget-container\">\n\t\t\t\t\t<h2 class=\"elementor-heading-title elementor-size-default\">Payment methods<\/h2>\t\t\t\t<\/div>\n\t\t\t\t<\/div>\n\t\t\t\t\t<\/div>\n\t\t<\/div>\n\t\t\t\t\t<\/div>\n\t\t<\/section>\n\t\t\t\t<section class=\"elementor-section elementor-top-section elementor-element elementor-element-23e1204 elementor-section-boxed elementor-section-height-default elementor-section-height-default\" data-id=\"23e1204\" data-element_type=\"section\" data-e-type=\"section\">\n\t\t\t\t\t\t<div class=\"elementor-container elementor-column-gap-default\">\n\t\t\t\t\t<div class=\"elementor-column elementor-col-50 elementor-top-column elementor-element elementor-element-e11c3cd\" data-id=\"e11c3cd\" data-element_type=\"column\" data-e-type=\"column\">\n\t\t\t<div class=\"elementor-widget-wrap elementor-element-populated\">\n\t\t\t\t\t\t<div class=\"elementor-element elementor-element-046f7a5 elementor-widget elementor-widget-heading\" data-id=\"046f7a5\" data-element_type=\"widget\" data-e-type=\"widget\" data-widget_type=\"heading.default\">\n\t\t\t\t<div class=\"elementor-widget-container\">\n\t\t\t\t\t<h2 class=\"elementor-heading-title elementor-size-default\">Payment via bank account<\/h2>\t\t\t\t<\/div>\n\t\t\t\t<\/div>\n\t\t\t\t<div class=\"elementor-element elementor-element-ce1976d elementor-widget elementor-widget-text-editor\" data-id=\"ce1976d\" data-element_type=\"widget\" data-e-type=\"widget\" data-widget_type=\"text-editor.default\">\n\t\t\t\t<div class=\"elementor-widget-container\">\n\t\t\t\t\t\t\t\t\tYou can make payment by transferring money to our account, SME Shipping Co., Ltd., with the following three banks:\n<ul style=\"margin-bottom: 6px;\">\n    <li>Kasikorn Bank, Account Number <span style=\"color: #ff0000;\">749-2-34088-4<\/span> Thonburi Commercial Road Branch<\/li>\n    <li>Bangkok Bank, Account Number <span style=\"color: #ff0000;\">141-458438-1<\/span> Tha Phra Branch<\/li>\n    <li>Krungsri Bank, Account Number <span style=\"color: #ff0000;\">142-1-31861-2<\/span> Tha Phra Branch<\/li>\n<\/ul>\n\nAlternatively, scan the QR code in the image below for convenient payment.\t\t\t\t\t\t\t\t<\/div>\n\t\t\t\t<\/div>\n\t\t\t\t\t<\/div>\n\t\t<\/div>\n\t\t\t\t<div class=\"elementor-column elementor-col-50 elementor-top-column elementor-element elementor-element-f58cb37\" data-id=\"f58cb37\" data-element_type=\"column\" data-e-type=\"column\">\n\t\t\t<div class=\"elementor-widget-wrap elementor-element-populated\">\n\t\t\t\t\t\t<div class=\"elementor-element elementor-element-8e2a36b elementor-widget elementor-widget-heading\" data-id=\"8e2a36b\" data-element_type=\"widget\" data-e-type=\"widget\" data-widget_type=\"heading.default\">\n\t\t\t\t<div class=\"elementor-widget-container\">\n\t\t\t\t\t<h2 class=\"elementor-heading-title elementor-size-default\">Payment via credit card.<\/h2>\t\t\t\t<\/div>\n\t\t\t\t<\/div>\n\t\t\t\t<div class=\"elementor-element elementor-element-3fc6794 elementor-widget elementor-widget-text-editor\" data-id=\"3fc6794\" data-element_type=\"widget\" data-e-type=\"widget\" data-widget_type=\"text-editor.default\">\n\t\t\t\t<div class=\"elementor-widget-container\">\n\t\t\t\t\t\t\t\t\tSME Shipping Co., Ltd. accepts self-payment via credit card only at its main service center.\t\t\t\t\t\t\t\t<\/div>\n\t\t\t\t<\/div>\n\t\t\t\t\t<\/div>\n\t\t<\/div>\n\t\t\t\t\t<\/div>\n\t\t<\/section>\n\t\t\t\t<section class=\"elementor-section elementor-top-section elementor-element elementor-element-5029c33 elementor-section-boxed elementor-section-height-default elementor-section-height-default\" data-id=\"5029c33\" data-element_type=\"section\" data-e-type=\"section\">\n\t\t\t\t\t\t<div class=\"elementor-container elementor-column-gap-default\">\n\t\t\t\t\t<div class=\"elementor-column elementor-col-100 elementor-top-column elementor-element elementor-element-ac62566\" data-id=\"ac62566\" data-element_type=\"column\" data-e-type=\"column\">\n\t\t\t<div class=\"elementor-widget-wrap elementor-element-populated\">\n\t\t\t\t\t\t<div class=\"elementor-element elementor-element-5da923e elementor-widget elementor-widget-image\" data-id=\"5da923e\" data-element_type=\"widget\" data-e-type=\"widget\" data-widget_type=\"image.default\">\n\t\t\t\t<div class=\"elementor-widget-container\">\n\t\t\t\t\t\t\t\t\t\t\t\t\t\t\t<img fetchpriority=\"high\" decoding=\"async\" width=\"725\" height=\"1024\" src=\"https:\/\/smeshipping.com\/wp-content\/uploads\/2023\/04\/sme_payment-05-725x1024-1.png\" class=\"attachment-large size-large wp-image-1000\" alt=\"\" srcset=\"https:\/\/smeshipping.com\/wp-content\/uploads\/2023\/04\/sme_payment-05-725x1024-1.png 725w, https:\/\/smeshipping.com\/wp-content\/uploads\/2023\/04\/sme_payment-05-725x1024-1-212x300.png 212w\" sizes=\"(max-width: 725px) 100vw, 725px\" \/>\t\t\t\t\t\t\t\t\t\t\t\t\t\t\t<\/div>\n\t\t\t\t<\/div>\n\t\t\t\t\t<\/div>\n\t\t<\/div>\n\t\t\t\t\t<\/div>\n\t\t<\/section>\n\t\t\t\t<\/div>","protected":false},"excerpt":{"rendered":"<p>\u0e27\u0e34\u0e18\u0e35\u0e0a\u0e33\u0e23\u0e30\u0e04\u0e48\u0e32\u0e1a\u0e23\u0e34\u0e01\u0e32\u0e23 \u0e01\u0e32\u0e23\u0e0a\u0e33\u0e23\u0e30\u0e1c\u0e48\u0e32\u0e19\u0e1a\u0e31\u0e0d\u0e0a\u0e35\u0e18\u0e19\u0e32\u0e04\u0e32\u0e23 \u0e17\u0e48\u0e32\u0e19\u0e2a\u0e32\u0e21\u0e32\u0e23\u0e16\u0e0a\u0e33\u0e23\u0e30\u0e42\u0e14\u0e22\u0e01\u0e32\u0e23\u0e42\u0e2d\u0e19\u0e40\u0e02\u0e49\u0e32\u0e1a\u0e31\u0e0d\u0e0a\u0e35\u0e02\u0e2d\u0e07\u0e40\u0e23\u0e32 \u0e1a\u0e23\u0e34\u0e29\u0e31\u0e17 \u0e40\u0e2d\u0e2a\u0e40\u0e2d\u0e47\u0e21\u0e2d\u0e35 \u0e0a\u0e34\u0e1b\u0e1b\u0e34\u0e49\u0e07 \u0e08\u0e33\u0e01\u0e31\u0e14 \u0e1b\u0e23\u0e30\u0e01\u0e2d\u0e1a\u0e14\u0e49\u0e27\u0e22 3 \u0e18\u0e19\u0e32\u0e04\u0e32\u0e23\u0e14\u0e31\u0e07\u0e15\u0e48\u0e2d\u0e44\u0e1b \u0e18\u0e19\u0e32\u0e04\u0e32\u0e23\u0e01\u0e2a\u0e34\u0e01\u0e23\u0e44\u0e17\u0e22 \u0e40\u0e25\u0e02\u0e1a\u0e31\u0e0d\u0e0a\u0e35 749-2-34088-4 \u0e2a\u0e32\u0e02\u0e32\u0e16\u0e19\u0e19\u0e1e\u0e32\u0e13\u0e34\u0e0a\u0e22\u0e01\u0e32\u0e23\u0e18\u0e19\u0e1a\u0e38\u0e23\u0e35 \u0e18\u0e19\u0e32\u0e04\u0e32\u0e23\u0e01\u0e23\u0e38\u0e07\u0e40\u0e17\u0e1e \u0e40\u0e25\u0e02\u0e1a\u0e31\u0e0d\u0e0a\u0e35 141-458438-1 \u0e2a\u0e32\u0e02\u0e32\u0e17\u0e48\u0e32\u0e1e\u0e23\u0e30 Te\u017eave s erekcijo lahko vplivajo na mnoge mo\u0161ke, kar pogosto vodi do ob\u010dutkov sramu in negotovosti. Pomembno je, da i\u0161\u010dete re\u0161itve, ki so dostopne in u\u010dinkovite. Na voljo so razli\u010dne mo\u017enosti zdravljenja, vklju\u010dno z alternativami, ki jih&hellip;<\/p>","protected":false},"author":9,"featured_media":0,"parent":0,"menu_order":0,"comment_status":"closed","ping_status":"closed","template":"elementor_header_footer","meta":{"footnotes":""},"class_list":["post-97","page","type-page","status-publish","hentry"],"_links":{"self":[{"href":"https:\/\/smeshipping.com\/en\/wp-json\/wp\/v2\/pages\/97","targetHints":{"allow":["GET"]}}],"collection":[{"href":"https:\/\/smeshipping.com\/en\/wp-json\/wp\/v2\/pages"}],"about":[{"href":"https:\/\/smeshipping.com\/en\/wp-json\/wp\/v2\/types\/page"}],"author":[{"embeddable":true,"href":"https:\/\/smeshipping.com\/en\/wp-json\/wp\/v2\/users\/9"}],"replies":[{"embeddable":true,"href":"https:\/\/smeshipping.com\/en\/wp-json\/wp\/v2\/comments?post=97"}],"version-history":[{"count":0,"href":"https:\/\/smeshipping.com\/en\/wp-json\/wp\/v2\/pages\/97\/revisions"}],"wp:attachment":[{"href":"https:\/\/smeshipping.com\/en\/wp-json\/wp\/v2\/media?parent=97"}],"curies":[{"name":"wp","href":"https:\/\/api.w.org\/{rel}","templated":true}]}}