{"id":237,"date":"2023-04-05T10:10:58","date_gmt":"2023-04-05T10:10:58","guid":{"rendered":"https:\/\/smeshipping.com\/?page_id=237"},"modified":"2025-05-11T00:43:32","modified_gmt":"2025-05-11T07:43:32","slug":"fasttruck_shipto","status":"publish","type":"page","link":"https:\/\/smeshipping.com\/en\/fasttruck_shipto\/","title":{"rendered":"fasttruck_shipto"},"content":{"rendered":"<div data-elementor-type=\"wp-page\" data-elementor-id=\"237\" class=\"elementor elementor-237\" data-elementor-post-type=\"page\">\n\t\t\t\t\t\t<section class=\"elementor-section elementor-top-section elementor-element elementor-element-0e24f00 elementor-section-height-min-height elementor-section-boxed elementor-section-height-default elementor-section-items-middle\" data-id=\"0e24f00\" data-element_type=\"section\" data-e-type=\"section\" data-settings=\"{&quot;background_background&quot;:&quot;classic&quot;}\">\n\t\t\t\t\t\t\t<div class=\"elementor-background-overlay\"><\/div>\n\t\t\t\t\t\t\t<div class=\"elementor-container elementor-column-gap-default\">\n\t\t\t\t\t<div class=\"elementor-column elementor-col-100 elementor-top-column elementor-element elementor-element-c29819f\" data-id=\"c29819f\" data-element_type=\"column\" data-e-type=\"column\">\n\t\t\t<div class=\"elementor-widget-wrap elementor-element-populated\">\n\t\t\t\t\t\t<div class=\"elementor-element elementor-element-0429519 elementor-widget elementor-widget-heading\" data-id=\"0429519\" data-element_type=\"widget\" data-e-type=\"widget\" data-widget_type=\"heading.default\">\n\t\t\t\t<div class=\"elementor-widget-container\">\n\t\t\t\t\t<h2 class=\"elementor-heading-title elementor-size-default\">\u0e2a\u0e48\u0e07\u0e02\u0e2d\u0e07\u0e44\u0e1b\u0e15\u0e48\u0e32\u0e07\u0e1b\u0e23\u0e30\u0e40\u0e17\u0e28\u0e17\u0e32\u0e07\u0e23\u0e16<\/h2>\t\t\t\t<\/div>\n\t\t\t\t<\/div>\n\t\t\t\t<div class=\"elementor-element elementor-element-a5d8d0c elementor-widget elementor-widget-heading\" data-id=\"a5d8d0c\" data-element_type=\"widget\" data-e-type=\"widget\" data-widget_type=\"heading.default\">\n\t\t\t\t<div class=\"elementor-widget-container\">\n\t\t\t\t\t<h2 class=\"elementor-heading-title elementor-size-default\">International delivery services by land, is convenient and without the unnecessary hassles, verifiable, and assured to reach its recipient within 3-5 days.<\/h2>\t\t\t\t<\/div>\n\t\t\t\t<\/div>\n\t\t\t\t\t<\/div>\n\t\t<\/div>\n\t\t\t\t\t<\/div>\n\t\t<\/section>\n\t\t\t\t<section class=\"elementor-section elementor-top-section elementor-element elementor-element-810e3af elementor-section-boxed elementor-section-height-default elementor-section-height-default\" data-id=\"810e3af\" data-element_type=\"section\" data-e-type=\"section\">\n\t\t\t\t\t\t<div class=\"elementor-container elementor-column-gap-default\">\n\t\t\t\t\t<div class=\"elementor-column elementor-col-100 elementor-top-column elementor-element elementor-element-d5a19c1\" data-id=\"d5a19c1\" data-element_type=\"column\" data-e-type=\"column\">\n\t\t\t<div class=\"elementor-widget-wrap elementor-element-populated\">\n\t\t\t\t\t\t<section class=\"elementor-section elementor-inner-section elementor-element elementor-element-b538ed7 elementor-section-boxed elementor-section-height-default elementor-section-height-default\" data-id=\"b538ed7\" data-element_type=\"section\" data-e-type=\"section\">\n\t\t\t\t\t\t<div class=\"elementor-container elementor-column-gap-default\">\n\t\t\t\t\t<div class=\"elementor-column elementor-col-50 elementor-inner-column elementor-element elementor-element-e64c7d1\" data-id=\"e64c7d1\" data-element_type=\"column\" data-e-type=\"column\">\n\t\t\t<div class=\"elementor-widget-wrap elementor-element-populated\">\n\t\t\t\t\t\t<div class=\"elementor-element elementor-element-586b5e1 elementor-widget elementor-widget-image\" data-id=\"586b5e1\" data-element_type=\"widget\" data-e-type=\"widget\" data-widget_type=\"image.default\">\n\t\t\t\t<div class=\"elementor-widget-container\">\n\t\t\t\t\t\t\t\t\t\t\t\t\t\t\t<img fetchpriority=\"high\" decoding=\"async\" width=\"768\" height=\"576\" src=\"https:\/\/smeshipping.com\/wp-content\/uploads\/2023\/04\/semi-trailers-534577_1280-768x576-1.jpg\" class=\"attachment-full size-full wp-image-1224\" alt=\"\" srcset=\"https:\/\/smeshipping.com\/wp-content\/uploads\/2023\/04\/semi-trailers-534577_1280-768x576-1.jpg 768w, https:\/\/smeshipping.com\/wp-content\/uploads\/2023\/04\/semi-trailers-534577_1280-768x576-1-300x225.jpg 300w\" sizes=\"(max-width: 768px) 100vw, 768px\" \/>\t\t\t\t\t\t\t\t\t\t\t\t\t\t\t<\/div>\n\t\t\t\t<\/div>\n\t\t\t\t\t<\/div>\n\t\t<\/div>\n\t\t\t\t<div class=\"elementor-column elementor-col-50 elementor-inner-column elementor-element elementor-element-ed7116a\" data-id=\"ed7116a\" data-element_type=\"column\" data-e-type=\"column\" data-settings=\"{&quot;background_background&quot;:&quot;classic&quot;}\">\n\t\t\t<div class=\"elementor-widget-wrap elementor-element-populated\">\n\t\t\t\t\t\t<div class=\"elementor-element elementor-element-ad9b7c3 elementor-widget elementor-widget-text-editor\" data-id=\"ad9b7c3\" data-element_type=\"widget\" data-e-type=\"widget\" data-widget_type=\"text-editor.default\">\n\t\t\t\t<div class=\"elementor-widget-container\">\n\t\t\t\t\t\t\t\t\t\nSME SHIPPING, is an international parcel delivery service provider to 6 major countries in ASEAN; which include Myanmar, China, Laos, Malaysia, Cambodia, and Singapore, through standardized international land transports. The entire delivery process takes approximately 3-5 business days counting from picking up of the parcel, right through to the safe delivery to the recipient.\t\t\t\t\t\t\t\t<\/div>\n\t\t\t\t<\/div>\n\t\t\t\t<div class=\"elementor-element elementor-element-910e53a elementor-align-center elementor-widget elementor-widget-button\" data-id=\"910e53a\" data-element_type=\"widget\" data-e-type=\"widget\" data-widget_type=\"button.default\">\n\t\t\t\t<div class=\"elementor-widget-container\">\n\t\t\t\t\t\t\t\t\t<div class=\"elementor-button-wrapper\">\n\t\t\t\t\t<a class=\"elementor-button elementor-button-link elementor-size-lg\" href=\"https:\/\/lin.ee\/dMdavAv\" target=\"_blank\" rel=\"noopener\">\n\t\t\t\t\t\t<span class=\"elementor-button-content-wrapper\">\n\t\t\t\t\t\t<span class=\"elementor-button-icon\">\n\t\t\t\t<i aria-hidden=\"true\" class=\"fab fa-line\"><\/i>\t\t\t<\/span>\n\t\t\t\t\t\t\t\t\t<span class=\"elementor-button-text\">Contact Us<\/span>\n\t\t\t\t\t<\/span>\n\t\t\t\t\t<\/a>\n\t\t\t\t<\/div>\n\t\t\t\t\t\t\t\t<\/div>\n\t\t\t\t<\/div>\n\t\t\t\t\t<\/div>\n\t\t<\/div>\n\t\t\t\t\t<\/div>\n\t\t<\/section>\n\t\t\t\t<section class=\"elementor-section elementor-inner-section elementor-element elementor-element-d46173d elementor-hidden-mobile elementor-section-boxed elementor-section-height-default elementor-section-height-default\" data-id=\"d46173d\" data-element_type=\"section\" data-e-type=\"section\">\n\t\t\t\t\t\t<div class=\"elementor-container elementor-column-gap-default\">\n\t\t\t\t\t<div class=\"elementor-column elementor-col-50 elementor-inner-column elementor-element elementor-element-b4f14be\" data-id=\"b4f14be\" data-element_type=\"column\" data-e-type=\"column\" data-settings=\"{&quot;background_background&quot;:&quot;classic&quot;}\">\n\t\t\t<div class=\"elementor-widget-wrap elementor-element-populated\">\n\t\t\t\t\t\t<div class=\"elementor-element elementor-element-97e63fe elementor-widget elementor-widget-text-editor\" data-id=\"97e63fe\" data-element_type=\"widget\" data-e-type=\"widget\" data-widget_type=\"text-editor.default\">\n\t\t\t\t<div class=\"elementor-widget-container\">\n\t\t\t\t\t\t\t\t\tThis is another new option for small to medium-sized entrepreneurs that are preparing to expand their market to support the ASEAN AEC trading area. SME SHIPPING is here to help reduce delivery costs which will allow businesses to achieve better quality at a more affordable price. Additional value is provided with unlimited weight services and a USD 100 product insurance.\t\t\t\t\t\t\t\t<\/div>\n\t\t\t\t<\/div>\n\t\t\t\t<div class=\"elementor-element elementor-element-2a02b41 elementor-align-center elementor-widget elementor-widget-button\" data-id=\"2a02b41\" data-element_type=\"widget\" data-e-type=\"widget\" data-widget_type=\"button.default\">\n\t\t\t\t<div class=\"elementor-widget-container\">\n\t\t\t\t\t\t\t\t\t<div class=\"elementor-button-wrapper\">\n\t\t\t\t\t<a class=\"elementor-button elementor-button-link elementor-size-lg\" href=\"https:\/\/lin.ee\/dMdavAv\" target=\"_blank\" rel=\"noopener\">\n\t\t\t\t\t\t<span class=\"elementor-button-content-wrapper\">\n\t\t\t\t\t\t<span class=\"elementor-button-icon\">\n\t\t\t\t<i aria-hidden=\"true\" class=\"fab fa-line\"><\/i>\t\t\t<\/span>\n\t\t\t\t\t\t\t\t\t<span class=\"elementor-button-text\">Contact Us<\/span>\n\t\t\t\t\t<\/span>\n\t\t\t\t\t<\/a>\n\t\t\t\t<\/div>\n\t\t\t\t\t\t\t\t<\/div>\n\t\t\t\t<\/div>\n\t\t\t\t\t<\/div>\n\t\t<\/div>\n\t\t\t\t<div class=\"elementor-column elementor-col-50 elementor-inner-column elementor-element elementor-element-ff34e48\" data-id=\"ff34e48\" data-element_type=\"column\" data-e-type=\"column\">\n\t\t\t<div class=\"elementor-widget-wrap elementor-element-populated\">\n\t\t\t\t\t\t<div class=\"elementor-element elementor-element-f7a30a4 elementor-widget__width-initial elementor-widget elementor-widget-image\" data-id=\"f7a30a4\" data-element_type=\"widget\" data-e-type=\"widget\" data-widget_type=\"image.default\">\n\t\t\t\t<div class=\"elementor-widget-container\">\n\t\t\t\t\t\t\t\t\t\t\t\t\t\t\t<img decoding=\"async\" width=\"768\" height=\"512\" src=\"https:\/\/smeshipping.com\/wp-content\/uploads\/2023\/04\/123512908_xl-768x512-1.jpg\" class=\"attachment-large size-large wp-image-1225\" alt=\"\u0e2a\u0e48\u0e07\u0e1e\u0e31\u0e2a\u0e14\u0e38\u0e44\u0e1b\u0e15\u0e48\u0e32\u0e07\u0e1b\u0e23\u0e30\u0e40\u0e17\u0e28 \u0e23\u0e32\u0e04\u0e32\" srcset=\"https:\/\/smeshipping.com\/wp-content\/uploads\/2023\/04\/123512908_xl-768x512-1.jpg 768w, https:\/\/smeshipping.com\/wp-content\/uploads\/2023\/04\/123512908_xl-768x512-1-300x200.jpg 300w\" sizes=\"(max-width: 768px) 100vw, 768px\" \/>\t\t\t\t\t\t\t\t\t\t\t\t\t\t\t<\/div>\n\t\t\t\t<\/div>\n\t\t\t\t\t<\/div>\n\t\t<\/div>\n\t\t\t\t\t<\/div>\n\t\t<\/section>\n\t\t\t\t<section class=\"elementor-section elementor-inner-section elementor-element elementor-element-de83e7a elementor-hidden-desktop elementor-hidden-tablet elementor-section-boxed elementor-section-height-default elementor-section-height-default\" data-id=\"de83e7a\" data-element_type=\"section\" data-e-type=\"section\">\n\t\t\t\t\t\t<div class=\"elementor-container elementor-column-gap-default\">\n\t\t\t\t\t<div class=\"elementor-column elementor-col-50 elementor-inner-column elementor-element elementor-element-992eeb6\" data-id=\"992eeb6\" data-element_type=\"column\" data-e-type=\"column\">\n\t\t\t<div class=\"elementor-widget-wrap elementor-element-populated\">\n\t\t\t\t\t\t<div class=\"elementor-element elementor-element-68e5625 elementor-widget elementor-widget-image\" data-id=\"68e5625\" data-element_type=\"widget\" data-e-type=\"widget\" data-widget_type=\"image.default\">\n\t\t\t\t<div class=\"elementor-widget-container\">\n\t\t\t\t\t\t\t\t\t\t\t\t\t\t\t<img decoding=\"async\" width=\"768\" height=\"512\" src=\"https:\/\/smeshipping.com\/wp-content\/uploads\/2023\/04\/123512908_xl-768x512-1.jpg\" class=\"attachment-full size-full wp-image-1225\" alt=\"\u0e2a\u0e48\u0e07\u0e1e\u0e31\u0e2a\u0e14\u0e38\u0e44\u0e1b\u0e15\u0e48\u0e32\u0e07\u0e1b\u0e23\u0e30\u0e40\u0e17\u0e28 \u0e23\u0e32\u0e04\u0e32\" srcset=\"https:\/\/smeshipping.com\/wp-content\/uploads\/2023\/04\/123512908_xl-768x512-1.jpg 768w, https:\/\/smeshipping.com\/wp-content\/uploads\/2023\/04\/123512908_xl-768x512-1-300x200.jpg 300w\" sizes=\"(max-width: 768px) 100vw, 768px\" \/>\t\t\t\t\t\t\t\t\t\t\t\t\t\t\t<\/div>\n\t\t\t\t<\/div>\n\t\t\t\t\t<\/div>\n\t\t<\/div>\n\t\t\t\t<div class=\"elementor-column elementor-col-50 elementor-inner-column elementor-element elementor-element-d23572d\" data-id=\"d23572d\" data-element_type=\"column\" data-e-type=\"column\" data-settings=\"{&quot;background_background&quot;:&quot;classic&quot;}\">\n\t\t\t<div class=\"elementor-widget-wrap elementor-element-populated\">\n\t\t\t\t\t\t<div class=\"elementor-element elementor-element-1d38efd elementor-widget elementor-widget-text-editor\" data-id=\"1d38efd\" data-element_type=\"widget\" data-e-type=\"widget\" data-widget_type=\"text-editor.default\">\n\t\t\t\t<div class=\"elementor-widget-container\">\n\t\t\t\t\t\t\t\t\tThis is another new option for small to medium-sized entrepreneurs that are preparing to expand their market to support the ASEAN AEC trading area. SME SHIPPING is here to help reduce delivery costs which will allow businesses to achieve better quality at a more affordable price. Additional value is provided with unlimited weight services and a USD 100 product insurance.\t\t\t\t\t\t\t\t<\/div>\n\t\t\t\t<\/div>\n\t\t\t\t<div class=\"elementor-element elementor-element-6850234 elementor-align-center elementor-widget elementor-widget-button\" data-id=\"6850234\" data-element_type=\"widget\" data-e-type=\"widget\" data-widget_type=\"button.default\">\n\t\t\t\t<div class=\"elementor-widget-container\">\n\t\t\t\t\t\t\t\t\t<div class=\"elementor-button-wrapper\">\n\t\t\t\t\t<a class=\"elementor-button elementor-button-link elementor-size-lg\" href=\"https:\/\/lin.ee\/dMdavAv\" target=\"_blank\" rel=\"noopener\">\n\t\t\t\t\t\t<span class=\"elementor-button-content-wrapper\">\n\t\t\t\t\t\t<span class=\"elementor-button-icon\">\n\t\t\t\t<i aria-hidden=\"true\" class=\"fab fa-line\"><\/i>\t\t\t<\/span>\n\t\t\t\t\t\t\t\t\t<span class=\"elementor-button-text\">Contact Us<\/span>\n\t\t\t\t\t<\/span>\n\t\t\t\t\t<\/a>\n\t\t\t\t<\/div>\n\t\t\t\t\t\t\t\t<\/div>\n\t\t\t\t<\/div>\n\t\t\t\t\t<\/div>\n\t\t<\/div>\n\t\t\t\t\t<\/div>\n\t\t<\/section>\n\t\t\t\t\t<\/div>\n\t\t<\/div>\n\t\t\t\t\t<\/div>\n\t\t<\/section>\n\t\t\t\t<\/div>","protected":false},"excerpt":{"rendered":"<p>\u0e2a\u0e48\u0e07\u0e02\u0e2d\u0e07\u0e44\u0e1b\u0e15\u0e48\u0e32\u0e07\u0e1b\u0e23\u0e30\u0e40\u0e17\u0e28\u0e17\u0e32\u0e07\u0e23\u0e16 \u2018\u0e1a\u0e23\u0e34\u0e01\u0e32\u0e23\u0e2a\u0e48\u0e07\u0e02\u0e2d\u0e07\u0e44\u0e1b\u0e15\u0e48\u0e32\u0e07\u0e1b\u0e23\u0e30\u0e40\u0e17\u0e28\u0e17\u0e32\u0e07\u0e23\u0e16 \u0e07\u0e48\u0e32\u0e22\u0e44\u0e21\u0e48\u0e22\u0e38\u0e48\u0e07\u0e22\u0e32\u0e01 \u0e15\u0e23\u0e27\u0e08\u0e2a\u0e2d\u0e1a\u0e44\u0e14\u0e49 \u0e2d\u0e38\u0e48\u0e19\u0e43\u0e08\u0e16\u0e36\u0e07\u0e21\u0e37\u0e2d \u0e20\u0e32\u0e22\u0e43\u0e19 3-5 \u0e27\u0e31\u0e19\u2019 Problemele legate de disfunc\u021bia erectil\u0103 pot influen\u021ba semnificativ calitatea vie\u021bii unui b\u0103rbat. \u00cen multe cazuri, starea de s\u0103n\u0103tate fizic\u0103 \u0219i mental\u0103 poate juca un rol crucial \u00een apari\u021bia acestor dificult\u0103\u021bi. Este important ca persoanele afectate s\u0103 caute solu\u021bii eficiente \u0219i \u00een\u021beleg\u0103toare. Un exemplu de tratament disponibil pe&hellip;<\/p>","protected":false},"author":9,"featured_media":0,"parent":0,"menu_order":0,"comment_status":"closed","ping_status":"closed","template":"elementor_header_footer","meta":{"footnotes":""},"class_list":["post-237","page","type-page","status-publish","hentry"],"_links":{"self":[{"href":"https:\/\/smeshipping.com\/en\/wp-json\/wp\/v2\/pages\/237","targetHints":{"allow":["GET"]}}],"collection":[{"href":"https:\/\/smeshipping.com\/en\/wp-json\/wp\/v2\/pages"}],"about":[{"href":"https:\/\/smeshipping.com\/en\/wp-json\/wp\/v2\/types\/page"}],"author":[{"embeddable":true,"href":"https:\/\/smeshipping.com\/en\/wp-json\/wp\/v2\/users\/9"}],"replies":[{"embeddable":true,"href":"https:\/\/smeshipping.com\/en\/wp-json\/wp\/v2\/comments?post=237"}],"version-history":[{"count":0,"href":"https:\/\/smeshipping.com\/en\/wp-json\/wp\/v2\/pages\/237\/revisions"}],"wp:attachment":[{"href":"https:\/\/smeshipping.com\/en\/wp-json\/wp\/v2\/media?parent=237"}],"curies":[{"name":"wp","href":"https:\/\/api.w.org\/{rel}","templated":true}]}}