{"id":199,"date":"2023-04-05T09:57:55","date_gmt":"2023-04-05T09:57:55","guid":{"rendered":"https:\/\/smeshipping.com\/?page_id=199"},"modified":"2025-05-11T00:41:56","modified_gmt":"2025-05-11T07:41:56","slug":"promotions","status":"publish","type":"page","link":"https:\/\/smeshipping.com\/en\/promotions\/","title":{"rendered":"promotions"},"content":{"rendered":"<div data-elementor-type=\"wp-page\" data-elementor-id=\"199\" class=\"elementor elementor-199\" data-elementor-post-type=\"page\">\n\t\t\t\t\t\t<section class=\"elementor-section elementor-top-section elementor-element elementor-element-cf5691d elementor-section-height-min-height elementor-section-boxed elementor-section-height-default elementor-section-items-middle\" data-id=\"cf5691d\" data-element_type=\"section\" data-e-type=\"section\" data-settings=\"{&quot;background_background&quot;:&quot;classic&quot;}\">\n\t\t\t\t\t\t<div class=\"elementor-container elementor-column-gap-default\">\n\t\t\t\t\t<div class=\"elementor-column elementor-col-100 elementor-top-column elementor-element elementor-element-2671213\" data-id=\"2671213\" data-element_type=\"column\" data-e-type=\"column\">\n\t\t\t<div class=\"elementor-widget-wrap elementor-element-populated\">\n\t\t\t\t\t\t<div class=\"elementor-element elementor-element-eff5960 elementor-widget elementor-widget-heading\" data-id=\"eff5960\" data-element_type=\"widget\" data-e-type=\"widget\" data-widget_type=\"heading.default\">\n\t\t\t\t<div class=\"elementor-widget-container\">\n\t\t\t\t\t<h2 class=\"elementor-heading-title elementor-size-default\">PROMOTION<\/h2>\t\t\t\t<\/div>\n\t\t\t\t<\/div>\n\t\t\t\t<div class=\"elementor-element elementor-element-4314d11 elementor-widget elementor-widget-heading\" data-id=\"4314d11\" data-element_type=\"widget\" data-e-type=\"widget\" data-widget_type=\"heading.default\">\n\t\t\t\t<div class=\"elementor-widget-container\">\n\t\t\t\t\t<h2 class=\"elementor-heading-title elementor-size-default\">\u0e42\u0e1b\u0e23\u0e42\u0e21\u0e0a\u0e31\u0e48\u0e19\u0e41\u0e25\u0e30\u0e04\u0e39\u0e1b\u0e2d\u0e07\u0e2a\u0e48\u0e27\u0e19\u0e25\u0e14\n\n<\/h2>\t\t\t\t<\/div>\n\t\t\t\t<\/div>\n\t\t\t\t<div class=\"elementor-element elementor-element-4d7d05c elementor-widget elementor-widget-heading\" data-id=\"4d7d05c\" data-element_type=\"widget\" data-e-type=\"widget\" data-widget_type=\"heading.default\">\n\t\t\t\t<div class=\"elementor-widget-container\">\n\t\t\t\t\t<h2 class=\"elementor-heading-title elementor-size-default\">\u0e2d\u0e31\u0e1e\u0e40\u0e14\u0e17\u0e42\u0e1b\u0e23\u0e42\u0e21\u0e0a\u0e31\u0e48\u0e19\u0e01\u0e48\u0e2d\u0e19\u0e43\u0e04\u0e23 \u0e1e\u0e23\u0e49\u0e2d\u0e21\u0e2a\u0e34\u0e17\u0e18\u0e34\u0e1b\u0e23\u0e30\u0e42\u0e22\u0e0a\u0e19\u0e4c\u0e21\u0e32\u0e01\u0e21\u0e32\u0e22\u0e1b\u0e23\u0e30\u0e08\u0e33\u0e17\u0e38\u0e01\u0e46 \u0e40\u0e14\u0e37\u0e2d\u0e19\u0e44\u0e14\u0e49\u0e41\u0e25\u0e49\u0e27\u0e17\u0e35\u0e48\u0e19\u0e35\u0e48<\/h2>\t\t\t\t<\/div>\n\t\t\t\t<\/div>\n\t\t\t\t\t<\/div>\n\t\t<\/div>\n\t\t\t\t\t<\/div>\n\t\t<\/section>\n\t\t\t\t<section class=\"elementor-section elementor-top-section elementor-element elementor-element-f0a270f elementor-section-boxed elementor-section-height-default elementor-section-height-default\" data-id=\"f0a270f\" data-element_type=\"section\" data-e-type=\"section\">\n\t\t\t\t\t\t<div class=\"elementor-container elementor-column-gap-default\">\n\t\t\t\t\t<div class=\"elementor-column elementor-col-100 elementor-top-column elementor-element elementor-element-df21ea3\" data-id=\"df21ea3\" data-element_type=\"column\" data-e-type=\"column\">\n\t\t\t<div class=\"elementor-widget-wrap elementor-element-populated\">\n\t\t\t\t\t\t<div class=\"elementor-element elementor-element-6c1c548 elementor-widget elementor-widget-heading\" data-id=\"6c1c548\" data-element_type=\"widget\" data-e-type=\"widget\" data-widget_type=\"heading.default\">\n\t\t\t\t<div class=\"elementor-widget-container\">\n\t\t\t\t\t<h2 class=\"elementor-heading-title elementor-size-default\"><span style=\"color: #000\">\u0e15\u0e34\u0e14\u0e15\u0e32\u0e21\u0e42\u0e1b\u0e23\u0e42\u0e21\u0e0a\u0e31\u0e48\u0e19 \u0e41\u0e25\u0e30\u0e04\u0e39\u0e1b\u0e2d\u0e07\u0e2a\u0e48\u0e27\u0e19\u0e25\u0e14<\/span> \u0e2a\u0e38\u0e14\u0e1e\u0e34\u0e40\u0e28\u0e29<\/h2>\t\t\t\t<\/div>\n\t\t\t\t<\/div>\n\t\t\t\t<div class=\"elementor-element elementor-element-76a3558 elementor-widget elementor-widget-heading\" data-id=\"76a3558\" data-element_type=\"widget\" data-e-type=\"widget\" data-widget_type=\"heading.default\">\n\t\t\t\t<div class=\"elementor-widget-container\">\n\t\t\t\t\t<h2 class=\"elementor-heading-title elementor-size-default\">\u0e04\u0e38\u0e13\u0e2a\u0e32\u0e21\u0e32\u0e23\u0e16\u0e14\u0e39\u0e42\u0e1b\u0e23\u0e42\u0e21\u0e0a\u0e31\u0e48\u0e19\u0e25\u0e48\u0e32\u0e2a\u0e38\u0e14 \u0e41\u0e25\u0e30\u0e40\u0e25\u0e37\u0e2d\u0e01\u0e02\u0e49\u0e2d\u0e40\u0e2a\u0e19\u0e2d\u0e2a\u0e48\u0e27\u0e19\u0e25\u0e14\u0e2a\u0e38\u0e14\u0e1e\u0e34\u0e40\u0e28\u0e29\u0e43\u0e19\u0e41\u0e1a\u0e1a\u0e17\u0e35\u0e48\u0e04\u0e38\u0e13\u0e15\u0e49\u0e2d\u0e07\u0e01\u0e32\u0e23\u0e17\u0e31\u0e49\u0e07\u0e2b\u0e21\u0e14\u0e44\u0e14\u0e49\u0e17\u0e35\u0e48\u0e19\u0e35\u0e48<\/h2>\t\t\t\t<\/div>\n\t\t\t\t<\/div>\n\t\t\t\t\t<\/div>\n\t\t<\/div>\n\t\t\t\t\t<\/div>\n\t\t<\/section>\n\t\t\t\t<section class=\"elementor-section elementor-top-section elementor-element elementor-element-9e581a7 elementor-section-full_width elementor-section-height-default elementor-section-height-default\" data-id=\"9e581a7\" data-element_type=\"section\" data-e-type=\"section\">\n\t\t\t\t\t\t<div class=\"elementor-container elementor-column-gap-default\">\n\t\t\t\t\t<div class=\"elementor-column elementor-col-100 elementor-top-column elementor-element elementor-element-2f114e6\" data-id=\"2f114e6\" data-element_type=\"column\" data-e-type=\"column\">\n\t\t\t<div class=\"elementor-widget-wrap elementor-element-populated\">\n\t\t\t\t\t\t<div class=\"elementor-element elementor-element-fe43730 elementor-grid-1 elementor-posts--thumbnail-left elementor-grid-tablet-2 elementor-grid-mobile-1 elementor-widget elementor-widget-posts\" data-id=\"fe43730\" data-element_type=\"widget\" data-e-type=\"widget\" id=\"promotions-list\" data-settings=\"{&quot;classic_columns&quot;:&quot;1&quot;,&quot;classic_columns_tablet&quot;:&quot;2&quot;,&quot;classic_columns_mobile&quot;:&quot;1&quot;,&quot;classic_row_gap&quot;:{&quot;unit&quot;:&quot;px&quot;,&quot;size&quot;:35,&quot;sizes&quot;:[]},&quot;classic_row_gap_tablet&quot;:{&quot;unit&quot;:&quot;px&quot;,&quot;size&quot;:&quot;&quot;,&quot;sizes&quot;:[]},&quot;classic_row_gap_mobile&quot;:{&quot;unit&quot;:&quot;px&quot;,&quot;size&quot;:&quot;&quot;,&quot;sizes&quot;:[]}}\" data-widget_type=\"posts.classic\">\n\t\t\t\t<div class=\"elementor-widget-container\">\n\t\t\t\t\t\t\t<div class=\"elementor-posts-container elementor-posts elementor-posts--skin-classic elementor-grid\" role=\"list\">\n\t\t\t\t<article class=\"elementor-post elementor-grid-item post-9803 post type-post status-publish format-standard has-post-thumbnail hentry category-promotion category-9\" role=\"listitem\">\n\t\t\t\t<a class=\"elementor-post__thumbnail__link\" href=\"https:\/\/smeshipping.com\/en\/promotion-350-bath\/\" tabindex=\"-1\" >\n\t\t\t<div class=\"elementor-post__thumbnail\"><img fetchpriority=\"high\" decoding=\"async\" width=\"1200\" height=\"1200\" src=\"https:\/\/smeshipping.com\/wp-content\/uploads\/2023\/07\/image.png\" class=\"attachment-full size-full wp-image-9790\" alt=\"\" srcset=\"https:\/\/smeshipping.com\/wp-content\/uploads\/2023\/07\/image.png 1200w, https:\/\/smeshipping.com\/wp-content\/uploads\/2023\/07\/image-300x300.png 300w, https:\/\/smeshipping.com\/wp-content\/uploads\/2023\/07\/image-1024x1024.png 1024w, https:\/\/smeshipping.com\/wp-content\/uploads\/2023\/07\/image-150x150.png 150w, https:\/\/smeshipping.com\/wp-content\/uploads\/2023\/07\/image-768x768.png 768w\" sizes=\"(max-width: 1200px) 100vw, 1200px\" \/><\/div>\n\t\t<\/a>\n\t\t\t\t<div class=\"elementor-post__text\">\n\t\t\t\t<h3 class=\"elementor-post__title\">\n\t\t\t<a href=\"https:\/\/smeshipping.com\/en\/promotion-350-bath\/\" >\n\t\t\t\tGet a 350 baht discount on your first delivery with us.\t\t\t<\/a>\n\t\t<\/h3>\n\t\t\t\t<div class=\"elementor-post__meta-data\">\n\t\t\t\t\t<span class=\"elementor-post-date\">\n\t\t\tJanuary 1, 2024\t\t<\/span>\n\t\t\t\t<\/div>\n\t\t\t\t<div class=\"elementor-post__excerpt\">\n\t\t\t<p>\u0e2a\u0e48\u0e07\u0e01\u0e31\u0e1a\u0e40\u0e23\u0e32\u0e04\u0e23\u0e31\u0e49\u0e07\u0e41\u0e23\u0e01 \u0e25\u0e14 350 \u0e1a\u0e32\u0e17 \u0e40\u0e07\u0e37\u0e48\u0e2d\u0e19\u0e44\u0e02\u0e01\u0e32\u0e23\u0e43\u0e2b\u0e49\u0e1a\u0e23\u0e34\u0e01\u0e32\u0e23 &#8211; \u0e25\u0e39\u0e01\u0e04\u0e49\u0e32\u0e43\u0e2b\u0e21\u0e48\u0e2a\u0e48\u0e07\u0e04\u0e23\u0e31\u0e49\u0e07\u0e41\u0e23\u0e01\u0e23\u0e31\u0e1a\u0e2a\u0e48\u0e27\u0e19\u0e25\u0e14 350 \u0e1a\u0e32\u0e17 \u0e40\u0e21\u0e37\u0e48\u0e2d\u0e21\u0e35\u0e22\u0e2d\u0e14\u0e01\u0e32\u0e23\u0e2a\u0e48\u0e07\u0e16\u0e36\u0e07 3,500 \u0e1a\u0e32\u0e17&#8211; \u0e44\u0e21\u0e48\u0e08\u0e33\u0e01\u0e31\u0e14\u0e1b\u0e23\u0e30\u0e40\u0e17\u0e28\u0e01\u0e32\u0e23\u0e2a\u0e48\u0e07&#8211; \u0e40\u0e07\u0e37\u0e48\u0e2d\u0e19\u0e44\u0e02\u0e40\u0e1b\u0e47\u0e19\u0e44\u0e1b\u0e15\u0e32\u0e21\u0e17\u0e35\u0e48\u0e1a\u0e23\u0e34\u0e29\u0e31\u0e17\u0e01\u0e33\u0e2b\u0e19\u0e14<\/p>\n\t\t<\/div>\n\t\t\n\t\t<a class=\"elementor-post__read-more\" href=\"https:\/\/smeshipping.com\/en\/promotion-350-bath\/\" aria-label=\"Read more about \u0e2a\u0e48\u0e07\u0e01\u0e31\u0e1a\u0e40\u0e23\u0e32\u0e04\u0e23\u0e31\u0e49\u0e07\u0e41\u0e23\u0e01\u0e25\u0e14 350 \u0e1a\u0e32\u0e17\" tabindex=\"-1\" >\n\t\t\tmore\t\t<\/a>\n\n\t\t\t\t<\/div>\n\t\t\t\t<\/article>\n\t\t\t\t<\/div>\n\t\t\n\t\t\t\t\t\t<\/div>\n\t\t\t\t<\/div>\n\t\t\t\t\t<\/div>\n\t\t<\/div>\n\t\t\t\t\t<\/div>\n\t\t<\/section>\n\t\t\t\t<section class=\"elementor-section elementor-top-section elementor-element elementor-element-ce5f2dc elementor-section-height-min-height elementor-section-boxed elementor-section-height-default elementor-section-items-middle\" data-id=\"ce5f2dc\" data-element_type=\"section\" data-e-type=\"section\" data-settings=\"{&quot;background_background&quot;:&quot;classic&quot;}\">\n\t\t\t\t\t\t\t<div class=\"elementor-background-overlay\"><\/div>\n\t\t\t\t\t\t\t<div class=\"elementor-container elementor-column-gap-default\">\n\t\t\t\t\t<div class=\"elementor-column elementor-col-100 elementor-top-column elementor-element elementor-element-83a710a\" data-id=\"83a710a\" data-element_type=\"column\" data-e-type=\"column\">\n\t\t\t<div class=\"elementor-widget-wrap elementor-element-populated\">\n\t\t\t\t\t\t<div class=\"elementor-element elementor-element-b8f9e5e elementor-widget elementor-widget-heading\" data-id=\"b8f9e5e\" data-element_type=\"widget\" data-e-type=\"widget\" data-widget_type=\"heading.default\">\n\t\t\t\t<div class=\"elementor-widget-container\">\n\t\t\t\t\t<h2 class=\"elementor-heading-title elementor-size-default\"><span style=\"color: #000\">Start shipping with us now.<\/span> It\u2019s very convenient.<\/h2>\t\t\t\t<\/div>\n\t\t\t\t<\/div>\n\t\t\t\t<div class=\"elementor-element elementor-element-faedf38 elementor-widget elementor-widget-heading\" data-id=\"faedf38\" data-element_type=\"widget\" data-e-type=\"widget\" data-widget_type=\"heading.default\">\n\t\t\t\t<div class=\"elementor-widget-container\">\n\t\t\t\t\t<h2 class=\"elementor-heading-title elementor-size-default\">MORE CONVENIENCE, MORE SPECIAL OFFERS, and to SAVE MORE<\/h2>\t\t\t\t<\/div>\n\t\t\t\t<\/div>\n\t\t\t\t<div class=\"elementor-element elementor-element-e75d7b4 elementor-align-center elementor-widget elementor-widget-button\" data-id=\"e75d7b4\" data-element_type=\"widget\" data-e-type=\"widget\" data-widget_type=\"button.default\">\n\t\t\t\t<div class=\"elementor-widget-container\">\n\t\t\t\t\t\t\t\t\t<div class=\"elementor-button-wrapper\">\n\t\t\t\t\t<a class=\"elementor-button elementor-button-link elementor-size-lg\" href=\"https:\/\/smeshipping.com\/en\/\">\n\t\t\t\t\t\t<span class=\"elementor-button-content-wrapper\">\n\t\t\t\t\t\t\t\t\t<span class=\"elementor-button-text\">Express<\/span>\n\t\t\t\t\t<\/span>\n\t\t\t\t\t<\/a>\n\t\t\t\t<\/div>\n\t\t\t\t\t\t\t\t<\/div>\n\t\t\t\t<\/div>\n\t\t\t\t\t<\/div>\n\t\t<\/div>\n\t\t\t\t\t<\/div>\n\t\t<\/section>\n\t\t\t\t<\/div>","protected":false},"excerpt":{"rendered":"<p>PROMOTI Mange m\u00e6nd oplever i deres liv perioder pr\u00e6get af vanskeligheder med seksuel ydeevne. Dette kan f\u00f8re til frustration og p\u00e5virke forholdet til ens partner. Det er vigtigt at forst\u00e5, at disse udfordringer kan v\u00e6re midlertidige og skyldes en r\u00e6kke faktorer, herunder stress og livsstilsvalg. Mange v\u00e6lger at s\u00f8ge hj\u00e6lp online, hvor de kan finde&hellip;<\/p>","protected":false},"author":9,"featured_media":8592,"parent":0,"menu_order":0,"comment_status":"closed","ping_status":"closed","template":"elementor_header_footer","meta":{"footnotes":""},"class_list":["post-199","page","type-page","status-publish","has-post-thumbnail","hentry"],"_links":{"self":[{"href":"https:\/\/smeshipping.com\/en\/wp-json\/wp\/v2\/pages\/199","targetHints":{"allow":["GET"]}}],"collection":[{"href":"https:\/\/smeshipping.com\/en\/wp-json\/wp\/v2\/pages"}],"about":[{"href":"https:\/\/smeshipping.com\/en\/wp-json\/wp\/v2\/types\/page"}],"author":[{"embeddable":true,"href":"https:\/\/smeshipping.com\/en\/wp-json\/wp\/v2\/users\/9"}],"replies":[{"embeddable":true,"href":"https:\/\/smeshipping.com\/en\/wp-json\/wp\/v2\/comments?post=199"}],"version-history":[{"count":0,"href":"https:\/\/smeshipping.com\/en\/wp-json\/wp\/v2\/pages\/199\/revisions"}],"wp:featuredmedia":[{"embeddable":true,"href":"https:\/\/smeshipping.com\/en\/wp-json\/wp\/v2\/media\/8592"}],"wp:attachment":[{"href":"https:\/\/smeshipping.com\/en\/wp-json\/wp\/v2\/media?parent=199"}],"curies":[{"name":"wp","href":"https:\/\/api.w.org\/{rel}","templated":true}]}}